{"id":600,"date":"2024-04-26T14:03:56","date_gmt":"2024-04-26T12:03:56","guid":{"rendered":"https:\/\/serwer2052157.home.pl\/autoinstalator\/wordpressplugins\/?page_id=600"},"modified":"2026-05-15T09:21:42","modified_gmt":"2026-05-15T07:21:42","slug":"kariera","status":"publish","type":"page","link":"https:\/\/agroma.olsztyn.pl\/index.php\/kariera\/","title":{"rendered":"Kariera"},"content":{"rendered":"<div class=\"\" style=\"\" >\n    \n    <section class=\"u-align-center u-clearfix u-container-align-center u-image u-shading u-section-2\" id=\"sec-8152\" data-image-width=\"1640\" data-image-height=\"924\" style=\"background-image: linear-gradient(0deg, rgba(0, 0, 0, 0.55), rgba(0, 0, 0, 0.55)), url(&quot;https:\/\/agroma.olsztyn.pl\/wp-content\/uploads\/2024\/04\/GrafikistronawwwAgroma.png&quot;);\">\n      <div class=\"u-clearfix u-sheet u-sheet-1\">\n        <h1 class=\"u-align-center u-custom-font u-font-montserrat u-text u-text-default u-title u-text-1\">KARIERA <\/h1>\n        <a href=\"#carousel_12c1\" class=\"u-align-center u-btn u-button-style u-grey-5 u-btn-1\">sprawd\u017a aktualne oferty pracy <\/a>\n      <\/div>\n    <\/section>\n    <section class=\"u-align-left u-clearfix u-container-align-left u-section-3\" id=\"carousel_12c1\">\n      <div class=\"u-clearfix u-sheet u-sheet-1\">\n        <blockquote class=\"u-border-20 u-border-palette-3-base u-custom-font u-font-montserrat u-text u-text-default u-text-1\">&nbsp; Specjalista ds. zakup\u00f3w w dziale handlowym<\/blockquote>\n        <p class=\"u-custom-font u-font-montserrat u-text u-text-2\"><span class=\"u-icon u-text-palette-1-base\"><svg class=\"u-svg-content\" viewBox=\"0 0 54.757 54.757\" x=\"0px\" y=\"0px\" style=\"width: 1em; height: 1em;\"><path d=\"M40.94,5.617C37.318,1.995,32.502,0,27.38,0c-5.123,0-9.938,1.995-13.56,5.617c-6.703,6.702-7.536,19.312-1.804,26.952\n\tL27.38,54.757L42.721,32.6C48.476,24.929,47.643,12.319,40.94,5.617z M27.557,26c-3.859,0-7-3.141-7-7s3.141-7,7-7s7,3.141,7,7\n\tS31.416,26,27.557,26z\"><\/path><\/svg><\/span>&nbsp;Olsztyn<br>\n          <br><span style=\"font-weight: 700;\">Zakres obowi\u0105zk\u00f3w:<\/span>\n          <br>- wsp\u00f3\u0142praca\n     z dostawcami i negocjacje warunk\u00f3w zakup\u00f3w,<br>- monitorowanie\n     stan\u00f3w magazynowych i prognozowanie potrzeb zakupowych,<br>- weryfikacja\n     ofert, wyb\u00f3r najkorzystniejszych rozwi\u0105za\u0144,<br>- utrzymywanie\n     dobrych relacji z dostawcami i partnerami biznesowymi,<br>- sporz\u0105dzanie\n     dokumentacji zakupowej i raport\u00f3w.<br>\n          <br><span style=\"font-weight: 700; font-size: 1.125rem;\"> Wymagane kwalifikacje:<\/span><span style=\"font-size: 1.125rem;\">\n            <br><\/span>-<span style=\"font-size: 1.125rem;\"> do\u015bwiadczenie\n     na podobnym stanowisku,<br>- \u200bumiej\u0119tno\u015b\u0107\n     negocjacji i nawi\u0105zywania kontakt\u00f3w biznesowych,<br>- \u200bdobra\n     organizacja pracy i samodzielno\u015b\u0107,<br>- \u200bznajomo\u015b\u0107\n     pakietu MS Office, w szczeg\u00f3lno\u015bci Excel.<\/span>\n          <br>\n          <br><span style=\"font-weight: 700; font-size: 1.125rem;\">Oferujemy:<\/span><span style=\"font-size: 1.125rem;\">\n            <br><\/span>-<span style=\"font-size: 1.125rem;\"><\/span>prac\u0119\n     w stabilnej firmie z ugruntowan\u0105 pozycj\u0105 na rynku<span style=\"font-size: 1.125rem;\">,<br>-&nbsp; <\/span>atrakcyjne\n     warunki zatrudnienia oraz premie uzale\u017cnione od wynik\u00f3w<span style=\"font-size: 1.125rem;\">,<br>- <\/span>mo\u017cliwo\u015b\u0107\n     udzia\u0142u w szkoleniach bran\u017cowych<span style=\"font-size: 1.125rem;\">,<br>- <\/span>przyjazn\u0105\natmosfer\u0119 pracy i wsparcie do\u015bwiadczonego zespo\u0142u.<span style=\"font-size: 1.125rem;\">\n            <br>&nbsp;&nbsp;<br>Jeste\u015b zainteresowany powy\u017csz\u0105 ofert\u0105 pracy? W celu aplikacji prze\u015blij swoje CV na adres <a href=\"mailto:agroma@agroma.olsztyn.pl?subject=Aplikacja na stanowisko: Serwisant sprz\u0119tu ogrodowego\" class=\"u-active-none u-border-none u-btn u-button-link u-button-style u-hover-none u-none u-text-palette-1-base u-btn-1\">agroma@agroma.olsztyn.pl<\/a> lub dostarcz je bezpo\u015brednio do sklepu.<\/span>\n        <\/p>\n      <\/div>\n    <\/section>\n    <section class=\"u-align-left u-clearfix u-container-align-left u-section-4\" id=\"carousel_ada2\">\n      <div class=\"u-clearfix u-sheet u-sheet-1\">\n        <blockquote class=\"u-border-20 u-border-palette-3-base u-custom-font u-font-montserrat u-text u-text-1\"> &nbsp; Specjalista ds. sprzeda\u017cy<\/blockquote>\n        <p class=\"u-custom-font u-font-montserrat u-text u-text-2\"><span class=\"u-icon u-text-palette-3-base\"><svg class=\"u-svg-content\" viewBox=\"0 0 54.757 54.757\" x=\"0px\" y=\"0px\" style=\"width: 1em; height: 1em;\"><path d=\"M40.94,5.617C37.318,1.995,32.502,0,27.38,0c-5.123,0-9.938,1.995-13.56,5.617c-6.703,6.702-7.536,19.312-1.804,26.952\n\tL27.38,54.757L42.721,32.6C48.476,24.929,47.643,12.319,40.94,5.617z M27.557,26c-3.859,0-7-3.141-7-7s3.141-7,7-7s7,3.141,7,7\n\tS31.416,26,27.557,26z\"><\/path><\/svg><\/span>&nbsp;Mor\u0105g, Braniewo, Bia\u0142a Piska<br>\n          <br><span style=\"font-weight: 700; font-size: 1.125rem;\">Wymagane kwalifikacje:<\/span><span style=\"font-size: 1.125rem;\">\n            <br><\/span>-<span style=\"font-size: 1.125rem;\"> znajomo\u015b\u0107\n\tobs\u0142ugi komputera,<br> - umiej\u0119tno\u015b\u0107\n\tpracy w zespole,<br>- \u200bsumienno\u015b\u0107 oraz dobra organizacja pracy w\u0142asnej,<\/span>\n          <br>\n          <br><span style=\"font-weight: 700; font-size: 1.125rem;\">Zakres\nobowi\u0105zk\u00f3w: <\/span><span style=\"font-size: 1.125rem;\">\n            <br><\/span> -<span style=\"font-size: 1.125rem;\"> obs\u0142uga klient\u00f3w, doradztwo oraz prezentacja oferty produktowej,<br> - budowanie pozytywnych relacji z klientami,<br>- realizacja cel\u00f3w sprzeda\u017cowych.<\/span>\n          <br>\n          <br><span style=\"font-weight: 700; font-size: 1.125rem;\"> Oferujemy:<br><\/span>-<span style=\"font-size: 1.125rem;\"> stabilne zatrudnienie w oparciu o umow\u0119 o prac\u0119,<br>-&nbsp;motywacyjny system wynagrodze\u0144,<br>- mo\u017cliwo\u015b\u0107 rozwoju zawodowego,<br>- przyjazn\u0105 atmosfer\u0119 pracy,<br>-&nbsp;ciekaw\u0105 prac\u0119 w dynamicznie rozwijaj\u0105cej si\u0119 firmie.<br>\n            <br><span style=\"font-weight: 700;\"><\/span>Jeste\u015b zainteresowany powy\u017csz\u0105 ofert\u0105 pracy? W celu aplikacji prze\u015blij swoje CV na adres <a href=\"mailto:agroma@agroma.olsztyn.pl?subject=Aplikacja na stanowisko: Specjalista ds. sprzeda\u017cy\" class=\"u-active-none u-border-none u-btn u-button-link u-button-style u-hover-none u-none u-text-palette-1-base u-btn-1\">agroma@agroma.olsztyn.pl<\/a> lub dostarcz je bezpo\u015brednio do sklepu.<\/span>\n        <\/p>\n      <\/div>\n    <\/section>\n    <section class=\"u-clearfix u-grey-5 u-section-5\" id=\"sec-bb5c\">\n      <div class=\"u-clearfix u-sheet u-sheet-1\">\n        <h3 class=\"u-custom-font u-font-montserrat u-text u-text-1\">Przetwarzanie danych osobowych<\/h3>\n        <p class=\"u-custom-font u-font-montserrat u-text u-text-2\"><span style=\"font-weight: 700;\">Administratorem Pa\u0144stwa danych osobowych jest sp\u00f3\u0142ka Agroma Olsztyn Grupa Sznajder sp. z o.o. (ul. \u017belazna 6, 10-419 Olsztyn).&nbsp;<\/span>\n          <br>\n          <br>Pa\u0144stwa dane osobowe b\u0119d\u0105 przetwarzane w celu rozpatrzenia Pa\u0144stwa aplikacji w ramach post\u0119powania rekrutacyjnego.&nbsp;Podstaw\u0105 prawn\u0105 przetwarzania danych osobowych w postaci imienia, nazwiska, daty urodzenia, danych kontaktowych, wykszta\u0142cenia, kwalifikacji zawodowych oraz przebiegu dotychczasowego zatrudnienia jest obowi\u0105zek prawny okre\u015blony w art. 221 \u00a7 1 i 2 Kodeksu pracy. Podanie powy\u017cszych danych jest obowi\u0105zkowe. Ich niepodanie uniemo\u017cliwia wzi\u0119cie udzia\u0142u w post\u0119powaniu rekrutacyjnym. Podstaw\u0105 prawn\u0105 przetwarzania innych danych jest zgoda kandydata, za\u015b ich podanie jest dobrowolne.&nbsp;<br>\n          <br><span style=\"font-weight: 700;\">Dost\u0119p do Pa\u0144stwa danych osobowych mog\u0105 mie\u0107 w odpowiednim zakresie<\/span>:<br>- upowa\u017cnieni pracownicy sp\u00f3\u0142ki Agroma Olsztyn Grupa Sznajder sp. z o.o.;<br>- inne podmioty wsp\u00f3\u0142pracuj\u0105ce z Agroma Olsztyn Grupa Sznajder sp. z o.o., obs\u0142uguj\u0105ce systemy informatyczne, w kt\u00f3rych s\u0105 przetwarzane Pa\u0144stwa dane osobowe oraz podmioty wykonuj\u0105ce us\u0142ugi administracyjne na rzecz Agroma Olsztyn Grupa Sznajder sp. z o.o.<br>\n          <br>Pa\u0144stwa dane zostan\u0105 usuni\u0119te w ci\u0105gu sze\u015bciu miesi\u0119cy od dnia ich przekazania.<br>\n          <br>Pa\u0144stwa dane nie b\u0119d\u0105 wykorzystywane do profilowania, ani podejmowania zautomatyzowanych decyzji.<br>\n          <br>Aby zrezygnowa\u0107 z udzia\u0142u w post\u0119powaniu rekrutacyjnym, co b\u0119dzie wi\u0105za\u0142o si\u0119 z niezw\u0142ocznym usuni\u0119ciem Pa\u0144stwa danych osobowych, nale\u017cy wys\u0142a\u0107 wiadomo\u015b\u0107 na adres&nbsp;ado@agroma.olsztyn.pl.<br>\n          <br><span style=\"font-weight: 700;\">Przys\u0142uguje Pa\u0144stwu prawo do:<\/span>\n          <br>- cofni\u0119cia w dowolnym momencie zgody na przetwarzanie danych nieobowi\u0105zkowych poprzez wys\u0142anie maila na adres&nbsp;<span style=\"font-weight: 700;\">ado@agroma.olsztyn.pl<\/span>;<br>- \u017c\u0105dania dost\u0119pu do danych osobowych, ich sprostowania, usuni\u0119cia, przeniesienia oraz ograniczenia przetwarzania;<br>- wniesienia skargi do Prezesa Urz\u0119du Ochrony Danych Osobowych dotycz\u0105cej przetwarzania Pa\u0144stwa danych osobowych.<br>&nbsp;<br><span style=\"font-weight: 700;\">W celu uzyskania dodatkowych informacji lub wniesienia \u017c\u0105da\u0144 dotycz\u0105cych przetwarzania danych osobowych, mog\u0105 Pa\u0144stwo skontaktowa\u0107 si\u0119 za pomoc\u0105 adresu e-mail&nbsp;ado@agroma.olsztyn.pl&nbsp;lub wysy\u0142aj\u0105c list na adres siedziby sp\u00f3\u0142ki.<\/span>\n        <\/p>\n      <\/div>\n    <\/section>\n    \n    \n    \n  \n<\/div>","protected":false},"excerpt":{"rendered":"<p>KARIERA sprawd\u017a aktualne oferty pracy &nbsp; Specjalista ds. zakup\u00f3w w dziale handlowym &nbsp;Olsztyn Zakres obowi\u0105zk\u00f3w: &#8211; wsp\u00f3\u0142praca z dostawcami i negocjacje warunk\u00f3w zakup\u00f3w,- monitorowanie stan\u00f3w magazynowych i prognozowanie potrzeb zakupowych,- weryfikacja ofert, wyb\u00f3r najkorzystniejszych rozwi\u0105za\u0144,- utrzymywanie dobrych relacji z dostawcami i partnerami biznesowymi,- sporz\u0105dzanie dokumentacji zakupowej i raport\u00f3w. Wymagane kwalifikacje: &#8211; do\u015bwiadczenie na podobnym stanowisku,- [&hellip;]<\/p>\n","protected":false},"author":1,"featured_media":0,"parent":0,"menu_order":0,"comment_status":"closed","ping_status":"closed","template":"","meta":{"footnotes":""},"class_list":["post-600","page","type-page","status-publish","hentry"],"yoast_head":"<!-- This site is optimized with the Yoast SEO plugin v27.6 - https:\/\/yoast.com\/product\/yoast-seo-wordpress\/ -->\n<title>Kariera - Agroma Olsztyn<\/title>\n<meta name=\"robots\" content=\"index, follow, max-snippet:-1, max-image-preview:large, max-video-preview:-1\" \/>\n<link rel=\"canonical\" href=\"https:\/\/agroma.olsztyn.pl\/index.php\/kariera\/\" \/>\n<meta property=\"og:locale\" content=\"pl_PL\" \/>\n<meta property=\"og:type\" content=\"article\" \/>\n<meta property=\"og:title\" content=\"Kariera - Agroma Olsztyn\" \/>\n<meta property=\"og:description\" content=\"KARIERA sprawd\u017a aktualne oferty pracy &nbsp; Specjalista ds. zakup\u00f3w w dziale handlowym &nbsp;Olsztyn Zakres obowi\u0105zk\u00f3w: - wsp\u00f3\u0142praca z dostawcami i negocjacje warunk\u00f3w zakup\u00f3w,- monitorowanie stan\u00f3w magazynowych i prognozowanie potrzeb zakupowych,- weryfikacja ofert, wyb\u00f3r najkorzystniejszych rozwi\u0105za\u0144,- utrzymywanie dobrych relacji z dostawcami i partnerami biznesowymi,- sporz\u0105dzanie dokumentacji zakupowej i raport\u00f3w. Wymagane kwalifikacje: - do\u015bwiadczenie na podobnym stanowisku,- [&hellip;]\" \/>\n<meta property=\"og:url\" content=\"https:\/\/agroma.olsztyn.pl\/index.php\/kariera\/\" \/>\n<meta property=\"og:site_name\" content=\"Agroma Olsztyn\" \/>\n<meta property=\"article:modified_time\" content=\"2026-05-15T07:21:42+00:00\" \/>\n<meta name=\"twitter:card\" content=\"summary_large_image\" \/>\n<meta name=\"twitter:label1\" content=\"Szacowany czas czytania\" \/>\n\t<meta name=\"twitter:data1\" content=\"3 minuty\" \/>\n<script type=\"application\/ld+json\" class=\"yoast-schema-graph\">{\"@context\":\"https:\\\/\\\/schema.org\",\"@graph\":[{\"@type\":\"WebPage\",\"@id\":\"https:\\\/\\\/agroma.olsztyn.pl\\\/index.php\\\/kariera\\\/\",\"url\":\"https:\\\/\\\/agroma.olsztyn.pl\\\/index.php\\\/kariera\\\/\",\"name\":\"Kariera - Agroma Olsztyn\",\"isPartOf\":{\"@id\":\"https:\\\/\\\/agroma.olsztyn.pl\\\/#website\"},\"datePublished\":\"2024-04-26T12:03:56+00:00\",\"dateModified\":\"2026-05-15T07:21:42+00:00\",\"breadcrumb\":{\"@id\":\"https:\\\/\\\/agroma.olsztyn.pl\\\/index.php\\\/kariera\\\/#breadcrumb\"},\"inLanguage\":\"pl-PL\",\"potentialAction\":[{\"@type\":\"ReadAction\",\"target\":[\"https:\\\/\\\/agroma.olsztyn.pl\\\/index.php\\\/kariera\\\/\"]}]},{\"@type\":\"BreadcrumbList\",\"@id\":\"https:\\\/\\\/agroma.olsztyn.pl\\\/index.php\\\/kariera\\\/#breadcrumb\",\"itemListElement\":[{\"@type\":\"ListItem\",\"position\":1,\"name\":\"Strona g\u0142\u00f3wna\",\"item\":\"https:\\\/\\\/agroma.olsztyn.pl\\\/\"},{\"@type\":\"ListItem\",\"position\":2,\"name\":\"Kariera\"}]},{\"@type\":\"WebSite\",\"@id\":\"https:\\\/\\\/agroma.olsztyn.pl\\\/#website\",\"url\":\"https:\\\/\\\/agroma.olsztyn.pl\\\/\",\"name\":\"Agroma Olsztyn\",\"description\":\"\",\"publisher\":{\"@id\":\"https:\\\/\\\/agroma.olsztyn.pl\\\/#organization\"},\"potentialAction\":[{\"@type\":\"SearchAction\",\"target\":{\"@type\":\"EntryPoint\",\"urlTemplate\":\"https:\\\/\\\/agroma.olsztyn.pl\\\/?s={search_term_string}\"},\"query-input\":{\"@type\":\"PropertyValueSpecification\",\"valueRequired\":true,\"valueName\":\"search_term_string\"}}],\"inLanguage\":\"pl-PL\"},{\"@type\":\"Organization\",\"@id\":\"https:\\\/\\\/agroma.olsztyn.pl\\\/#organization\",\"name\":\"Agroma Olsztyn\",\"url\":\"https:\\\/\\\/agroma.olsztyn.pl\\\/\",\"logo\":{\"@type\":\"ImageObject\",\"inLanguage\":\"pl-PL\",\"@id\":\"https:\\\/\\\/agroma.olsztyn.pl\\\/#\\\/schema\\\/logo\\\/image\\\/\",\"url\":\"https:\\\/\\\/agroma.olsztyn.pl\\\/wp-content\\\/uploads\\\/2024\\\/03\\\/LOGO_AGRO.png\",\"contentUrl\":\"https:\\\/\\\/agroma.olsztyn.pl\\\/wp-content\\\/uploads\\\/2024\\\/03\\\/LOGO_AGRO.png\",\"width\":1058,\"height\":348,\"caption\":\"Agroma Olsztyn\"},\"image\":{\"@id\":\"https:\\\/\\\/agroma.olsztyn.pl\\\/#\\\/schema\\\/logo\\\/image\\\/\"}}]}<\/script>\n<!-- \/ Yoast SEO plugin. -->","yoast_head_json":{"title":"Kariera - Agroma Olsztyn","robots":{"index":"index","follow":"follow","max-snippet":"max-snippet:-1","max-image-preview":"max-image-preview:large","max-video-preview":"max-video-preview:-1"},"canonical":"https:\/\/agroma.olsztyn.pl\/index.php\/kariera\/","og_locale":"pl_PL","og_type":"article","og_title":"Kariera - Agroma Olsztyn","og_description":"KARIERA sprawd\u017a aktualne oferty pracy &nbsp; Specjalista ds. zakup\u00f3w w dziale handlowym &nbsp;Olsztyn Zakres obowi\u0105zk\u00f3w: - wsp\u00f3\u0142praca z dostawcami i negocjacje warunk\u00f3w zakup\u00f3w,- monitorowanie stan\u00f3w magazynowych i prognozowanie potrzeb zakupowych,- weryfikacja ofert, wyb\u00f3r najkorzystniejszych rozwi\u0105za\u0144,- utrzymywanie dobrych relacji z dostawcami i partnerami biznesowymi,- sporz\u0105dzanie dokumentacji zakupowej i raport\u00f3w. Wymagane kwalifikacje: - do\u015bwiadczenie na podobnym stanowisku,- [&hellip;]","og_url":"https:\/\/agroma.olsztyn.pl\/index.php\/kariera\/","og_site_name":"Agroma Olsztyn","article_modified_time":"2026-05-15T07:21:42+00:00","twitter_card":"summary_large_image","twitter_misc":{"Szacowany czas czytania":"3 minuty"},"schema":{"@context":"https:\/\/schema.org","@graph":[{"@type":"WebPage","@id":"https:\/\/agroma.olsztyn.pl\/index.php\/kariera\/","url":"https:\/\/agroma.olsztyn.pl\/index.php\/kariera\/","name":"Kariera - Agroma Olsztyn","isPartOf":{"@id":"https:\/\/agroma.olsztyn.pl\/#website"},"datePublished":"2024-04-26T12:03:56+00:00","dateModified":"2026-05-15T07:21:42+00:00","breadcrumb":{"@id":"https:\/\/agroma.olsztyn.pl\/index.php\/kariera\/#breadcrumb"},"inLanguage":"pl-PL","potentialAction":[{"@type":"ReadAction","target":["https:\/\/agroma.olsztyn.pl\/index.php\/kariera\/"]}]},{"@type":"BreadcrumbList","@id":"https:\/\/agroma.olsztyn.pl\/index.php\/kariera\/#breadcrumb","itemListElement":[{"@type":"ListItem","position":1,"name":"Strona g\u0142\u00f3wna","item":"https:\/\/agroma.olsztyn.pl\/"},{"@type":"ListItem","position":2,"name":"Kariera"}]},{"@type":"WebSite","@id":"https:\/\/agroma.olsztyn.pl\/#website","url":"https:\/\/agroma.olsztyn.pl\/","name":"Agroma Olsztyn","description":"","publisher":{"@id":"https:\/\/agroma.olsztyn.pl\/#organization"},"potentialAction":[{"@type":"SearchAction","target":{"@type":"EntryPoint","urlTemplate":"https:\/\/agroma.olsztyn.pl\/?s={search_term_string}"},"query-input":{"@type":"PropertyValueSpecification","valueRequired":true,"valueName":"search_term_string"}}],"inLanguage":"pl-PL"},{"@type":"Organization","@id":"https:\/\/agroma.olsztyn.pl\/#organization","name":"Agroma Olsztyn","url":"https:\/\/agroma.olsztyn.pl\/","logo":{"@type":"ImageObject","inLanguage":"pl-PL","@id":"https:\/\/agroma.olsztyn.pl\/#\/schema\/logo\/image\/","url":"https:\/\/agroma.olsztyn.pl\/wp-content\/uploads\/2024\/03\/LOGO_AGRO.png","contentUrl":"https:\/\/agroma.olsztyn.pl\/wp-content\/uploads\/2024\/03\/LOGO_AGRO.png","width":1058,"height":348,"caption":"Agroma Olsztyn"},"image":{"@id":"https:\/\/agroma.olsztyn.pl\/#\/schema\/logo\/image\/"}}]}},"_links":{"self":[{"href":"https:\/\/agroma.olsztyn.pl\/index.php\/wp-json\/wp\/v2\/pages\/600","targetHints":{"allow":["GET"]}}],"collection":[{"href":"https:\/\/agroma.olsztyn.pl\/index.php\/wp-json\/wp\/v2\/pages"}],"about":[{"href":"https:\/\/agroma.olsztyn.pl\/index.php\/wp-json\/wp\/v2\/types\/page"}],"author":[{"embeddable":true,"href":"https:\/\/agroma.olsztyn.pl\/index.php\/wp-json\/wp\/v2\/users\/1"}],"replies":[{"embeddable":true,"href":"https:\/\/agroma.olsztyn.pl\/index.php\/wp-json\/wp\/v2\/comments?post=600"}],"version-history":[{"count":14,"href":"https:\/\/agroma.olsztyn.pl\/index.php\/wp-json\/wp\/v2\/pages\/600\/revisions"}],"predecessor-version":[{"id":873,"href":"https:\/\/agroma.olsztyn.pl\/index.php\/wp-json\/wp\/v2\/pages\/600\/revisions\/873"}],"wp:attachment":[{"href":"https:\/\/agroma.olsztyn.pl\/index.php\/wp-json\/wp\/v2\/media?parent=600"}],"curies":[{"name":"wp","href":"https:\/\/api.w.org\/{rel}","templated":true}]}}